{"id":42,"date":"2015-03-01T00:46:29","date_gmt":"2015-02-28T22:46:29","guid":{"rendered":"http:\/\/www.markatas.lt\/wordpress\/?page_id=42"},"modified":"2018-03-03T14:38:17","modified_gmt":"2018-03-03T12:38:17","slug":"automobiliu-parametru-patikra-2","status":"publish","type":"page","link":"http:\/\/www.markatas.lt\/?page_id=42","title":{"rendered":"Automobili\u0173 parametr\u0173 patikra"},"content":{"rendered":"<div class=\"entry-content\">\n<ul>\n<li>Akumuliatoriaus i\u0161krovimo paie\u0161ka<\/li>\n<li>Akumuliatoriaus startin\u0117s srov\u0117s matavimas (b\u016bkl\u0117s patikrinimas)<\/li>\n<li>Vakuumin\u0117s sistemos diagnostika (blogo turbinos ir EGR vo\u017etuvo valdymo gedimo paie\u0161ka)<\/li>\n<li>Stabd\u017ei\u0173 skys\u010dio kokyb\u0117s patikra<\/li>\n<li>Antifrizo u\u017e\u0161alimo temperat\u016bros matavimas refraktometru<\/li>\n<li>Benzinini\u0173 automobili\u0173 kuro siurblio sl\u0117gio matavimas<\/li>\n<li>Benzinini\u0173 automobili\u0173 kompresijos matavimas<\/li>\n<li>Suprast\u0117jusios traukos \/ padid\u0117jusi\u0173 kuro s\u0105naud\u0173 gedimo paie\u0161ka<\/li>\n<\/ul>\n<\/div>\n","protected":false},"excerpt":{"rendered":"<p>Akumuliatoriaus i\u0161krovimo paie\u0161ka Akumuliatoriaus startin\u0117s srov\u0117s matavimas (b\u016bkl\u0117s patikrinimas) Vakuumin\u0117s sistemos diagnostika (blogo turbinos ir EGR vo\u017etuvo valdymo gedimo paie\u0161ka) Stabd\u017ei\u0173 skys\u010dio kokyb\u0117s patikra Antifrizo u\u017e\u0161alimo temperat\u016bros matavimas refraktometru Benzinini\u0173 automobili\u0173 kuro siurblio sl\u0117gio matavimas Benzinini\u0173 automobili\u0173 kompresijos matavimas Suprast\u0117jusios traukos \/ padid\u0117jusi\u0173 kuro s\u0105naud\u0173 gedimo paie\u0161ka<\/p>\n","protected":false},"author":1,"featured_media":0,"parent":0,"menu_order":0,"comment_status":"closed","ping_status":"closed","template":"","meta":[],"_links":{"self":[{"href":"http:\/\/www.markatas.lt\/index.php?rest_route=\/wp\/v2\/pages\/42"}],"collection":[{"href":"http:\/\/www.markatas.lt\/index.php?rest_route=\/wp\/v2\/pages"}],"about":[{"href":"http:\/\/www.markatas.lt\/index.php?rest_route=\/wp\/v2\/types\/page"}],"author":[{"embeddable":true,"href":"http:\/\/www.markatas.lt\/index.php?rest_route=\/wp\/v2\/users\/1"}],"replies":[{"embeddable":true,"href":"http:\/\/www.markatas.lt\/index.php?rest_route=%2Fwp%2Fv2%2Fcomments&post=42"}],"version-history":[{"count":2,"href":"http:\/\/www.markatas.lt\/index.php?rest_route=\/wp\/v2\/pages\/42\/revisions"}],"predecessor-version":[{"id":117,"href":"http:\/\/www.markatas.lt\/index.php?rest_route=\/wp\/v2\/pages\/42\/revisions\/117"}],"wp:attachment":[{"href":"http:\/\/www.markatas.lt\/index.php?rest_route=%2Fwp%2Fv2%2Fmedia&parent=42"}],"curies":[{"name":"wp","href":"https:\/\/api.w.org\/{rel}","templated":true}]}}